{"id":1468,"date":"2024-12-04T22:27:59","date_gmt":"2024-12-04T22:27:59","guid":{"rendered":"https:\/\/dafne-sport.eu\/?page_id=1468"},"modified":"2026-01-09T16:34:16","modified_gmt":"2026-01-09T16:34:16","slug":"results","status":"publish","type":"page","link":"https:\/\/dafne-sport.eu\/pt\/results\/","title":{"rendered":"Resultados"},"content":{"rendered":"<div data-elementor-type=\"wp-page\" data-elementor-id=\"1468\" class=\"elementor elementor-1468\" data-elementor-post-type=\"page\">\n\t\t\t\t<div class=\"elementor-element elementor-element-c05d4c6 e-flex e-con-boxed e-con e-parent\" data-id=\"c05d4c6\" data-element_type=\"container\" data-e-type=\"container\" data-settings=\"{&quot;background_background&quot;:&quot;classic&quot;}\">\n\t\t\t\t\t<div class=\"e-con-inner\">\n\t\t<div class=\"elementor-element elementor-element-0b9ae9f e-con-full e-flex e-con e-child\" data-id=\"0b9ae9f\" data-element_type=\"container\" data-e-type=\"container\">\n\t\t\t\t<div class=\"elementor-element elementor-element-fc8e646 animated-slow elementor-invisible elementor-widget elementor-widget-heading\" data-id=\"fc8e646\" data-element_type=\"widget\" data-e-type=\"widget\" data-settings=\"{&quot;_animation&quot;:&quot;zoomIn&quot;}\" data-widget_type=\"heading.default\">\n\t\t\t\t<div class=\"elementor-widget-container\">\n\t\t\t\t\t<h2 class=\"elementor-heading-title elementor-size-default\">Resultados DAFNE<\/h2>\t\t\t\t<\/div>\n\t\t\t\t<\/div>\n\t\t\t\t<\/div>\n\t\t<div class=\"elementor-element elementor-element-041dadb e-con-full e-flex e-con e-child\" data-id=\"041dadb\" data-element_type=\"container\" data-e-type=\"container\">\n\t\t<div class=\"elementor-element elementor-element-edbea6f e-con-full e-flex e-con e-child\" data-id=\"edbea6f\" data-element_type=\"container\" data-e-type=\"container\">\n\t\t<div class=\"elementor-element elementor-element-72f6953 e-con-full e-flex e-con e-child\" data-id=\"72f6953\" data-element_type=\"container\" data-e-type=\"container\">\n\t\t\t\t<div class=\"elementor-element elementor-element-4e1d016 elementor-flip-box--3d elementor-flip-box--effect-flip elementor-flip-box--direction-up elementor-widget elementor-widget-flip-box\" data-id=\"4e1d016\" data-element_type=\"widget\" data-e-type=\"widget\" data-widget_type=\"flip-box.default\">\n\t\t\t\t<div class=\"elementor-widget-container\">\n\t\t\t\t\t\t\t<div class=\"elementor-flip-box\" tabindex=\"0\">\n\t\t\t<div class=\"elementor-flip-box__layer elementor-flip-box__front\">\n\t\t\t\t<div class=\"elementor-flip-box__layer__overlay\">\n\t\t\t\t\t<div class=\"elementor-flip-box__layer__inner\">\n\t\t\t\t\t\t\t\t\t\t\t\t\t<div class=\"elementor-flip-box__image\">\n\t\t\t\t\t\t\t\t<img fetchpriority=\"high\" decoding=\"async\" width=\"1024\" height=\"1024\" src=\"https:\/\/dafne-sport.eu\/wp-content\/uploads\/2025\/02\/DAFNE-Logo-Official-1024x1024.png\" class=\"attachment-large size-large wp-image-1641\" alt=\"\" srcset=\"https:\/\/dafne-sport.eu\/wp-content\/uploads\/2025\/02\/DAFNE-Logo-Official-1024x1024.png 1024w, https:\/\/dafne-sport.eu\/wp-content\/uploads\/2025\/02\/DAFNE-Logo-Official-300x300.png 300w, https:\/\/dafne-sport.eu\/wp-content\/uploads\/2025\/02\/DAFNE-Logo-Official-150x150.png 150w, https:\/\/dafne-sport.eu\/wp-content\/uploads\/2025\/02\/DAFNE-Logo-Official-768x768.png 768w, https:\/\/dafne-sport.eu\/wp-content\/uploads\/2025\/02\/DAFNE-Logo-Official-1536x1536.png 1536w, https:\/\/dafne-sport.eu\/wp-content\/uploads\/2025\/02\/elementor\/thumbs\/DAFNE-Logo-Official-r20x9wocejz41rbz1lus0b6kgfx32zm02clm3oxw30.png 30w, https:\/\/dafne-sport.eu\/wp-content\/uploads\/2025\/02\/DAFNE-Logo-Official.png 1563w\" sizes=\"(max-width: 1024px) 100vw, 1024px\" \/>\t\t\t\t\t\t\t<\/div>\n\t\t\t\t\t\t\n\t\t\t\t\t\t\t\t\t\t\t\t\t<h3 class=\"elementor-flip-box__layer__title\">\n\t\t\t\t\t\t\t\tManual e curr\u00edculo para analistas de desempenho de dados \t\t\t\t\t\t\t<\/h3>\n\t\t\t\t\t\t\n\t\t\t\t\t\t\t\t\t\t\t<\/div>\n\t\t\t\t<\/div>\n\t\t\t<\/div>\n\t\t\t<div class=\"elementor-flip-box__layer elementor-flip-box__back\">\n\t\t\t<div class=\"elementor-flip-box__layer__overlay\">\n\t\t\t\t<div class=\"elementor-flip-box__layer__inner\">\n\t\t\t\t\t\n\t\t\t\t\t\t\t\t\t\t\t<div class=\"elementor-flip-box__layer__description\">\n\t\t\t\t\t\t\t<p style=\"text-align: justify\">Um manual abrangente descrevendo as habilidades e compet\u00eancias t\u00e9cnicas necess\u00e1rias para a fun\u00e7\u00e3o de um Analista de Desempenho de Dados. O manual tamb\u00e9m inclui insights estat\u00edsticos e tend\u00eancias do mercado de trabalho, fornecendo um recurso valioso para aqueles que buscam entrar nessa profiss\u00e3o em crescimento.<\/p>\t\t\t\t\t\t<\/div>\n\t\t\t\t\t\n\t\t\t\t\t\t\t\t\t\t\t<a class=\"elementor-flip-box__button elementor-button elementor-size-sm\" href=\"https:\/\/dafne-sport.eu\/pt\/handbook\/\">\n\t\t\t\t\t\t\tClique aqui\t\t\t\t\t\t<\/a>\n\t\t\t\t\t\t\t\t<\/div>\n\t\t<\/div>\n\t\t<\/div>\n\t\t<\/div>\n\t\t\t\t\t\t<\/div>\n\t\t\t\t<\/div>\n\t\t\t\t<\/div>\n\t\t<div class=\"elementor-element elementor-element-178c6fa e-con-full e-flex e-con e-child\" data-id=\"178c6fa\" data-element_type=\"container\" data-e-type=\"container\">\n\t\t\t\t<div class=\"elementor-element elementor-element-99152e1 elementor-flip-box--3d elementor-flip-box--effect-flip elementor-flip-box--direction-up elementor-widget elementor-widget-flip-box\" data-id=\"99152e1\" data-element_type=\"widget\" data-e-type=\"widget\" data-widget_type=\"flip-box.default\">\n\t\t\t\t<div class=\"elementor-widget-container\">\n\t\t\t\t\t\t\t<div class=\"elementor-flip-box\" tabindex=\"0\">\n\t\t\t<div class=\"elementor-flip-box__layer elementor-flip-box__front\">\n\t\t\t\t<div class=\"elementor-flip-box__layer__overlay\">\n\t\t\t\t\t<div class=\"elementor-flip-box__layer__inner\">\n\t\t\t\t\t\t\t\t\t\t\t\t\t<div class=\"elementor-flip-box__image\">\n\t\t\t\t\t\t\t\t<img fetchpriority=\"high\" decoding=\"async\" width=\"1024\" height=\"1024\" src=\"https:\/\/dafne-sport.eu\/wp-content\/uploads\/2025\/02\/DAFNE-Logo-Official-1024x1024.png\" class=\"attachment-large size-large wp-image-1641\" alt=\"\" srcset=\"https:\/\/dafne-sport.eu\/wp-content\/uploads\/2025\/02\/DAFNE-Logo-Official-1024x1024.png 1024w, https:\/\/dafne-sport.eu\/wp-content\/uploads\/2025\/02\/DAFNE-Logo-Official-300x300.png 300w, https:\/\/dafne-sport.eu\/wp-content\/uploads\/2025\/02\/DAFNE-Logo-Official-150x150.png 150w, https:\/\/dafne-sport.eu\/wp-content\/uploads\/2025\/02\/DAFNE-Logo-Official-768x768.png 768w, https:\/\/dafne-sport.eu\/wp-content\/uploads\/2025\/02\/DAFNE-Logo-Official-1536x1536.png 1536w, https:\/\/dafne-sport.eu\/wp-content\/uploads\/2025\/02\/elementor\/thumbs\/DAFNE-Logo-Official-r20x9wocejz41rbz1lus0b6kgfx32zm02clm3oxw30.png 30w, https:\/\/dafne-sport.eu\/wp-content\/uploads\/2025\/02\/DAFNE-Logo-Official.png 1563w\" sizes=\"(max-width: 1024px) 100vw, 1024px\" \/>\t\t\t\t\t\t\t<\/div>\n\t\t\t\t\t\t\n\t\t\t\t\t\t\t\t\t\t\t\t\t<h3 class=\"elementor-flip-box__layer__title\">\n\t\t\t\t\t\t\t\tRelat\u00f3rio de pesquisa e recomenda\u00e7\u00f5es de pol\u00edticas \t\t\t\t\t\t\t<\/h3>\n\t\t\t\t\t\t\n\t\t\t\t\t\t\t\t\t\t\t<\/div>\n\t\t\t\t<\/div>\n\t\t\t<\/div>\n\t\t\t<div class=\"elementor-flip-box__layer elementor-flip-box__back\">\n\t\t\t<div class=\"elementor-flip-box__layer__overlay\">\n\t\t\t\t<div class=\"elementor-flip-box__layer__inner\">\n\t\t\t\t\t\n\t\t\t\t\t\t\t\t\t\t\t<div class=\"elementor-flip-box__layer__description\">\n\t\t\t\t\t\t\t<p style=\"text-align: justify\">Um documento detalhado que oferece recomenda\u00e7\u00f5es de pol\u00edticas para organiza\u00e7\u00f5es esportivas, com foco em modelos organizacionais e ferramentas de planejamento para dar suporte aos atletas na gest\u00e3o de suas carreiras duplas. Este recurso visa aprimorar estruturas institucionais que facilitem transi\u00e7\u00f5es de carreira para jogadores de futebol. <\/p>\t\t\t\t\t\t<\/div>\n\t\t\t\t\t\n\t\t\t\t\t\t\t\t\t\t\t<a class=\"elementor-flip-box__button elementor-button elementor-size-sm\" href=\"https:\/\/dafne-sport.eu\/pt\/policy-recommendations\/\">\n\t\t\t\t\t\t\tClique aqui\t\t\t\t\t\t<\/a>\n\t\t\t\t\t\t\t\t<\/div>\n\t\t<\/div>\n\t\t<\/div>\n\t\t<\/div>\n\t\t\t\t\t\t<\/div>\n\t\t\t\t<\/div>\n\t\t\t\t<\/div>\n\t\t\t\t<\/div>\n\t\t<div class=\"elementor-element elementor-element-20e660c e-con-full e-flex e-con e-child\" data-id=\"20e660c\" data-element_type=\"container\" data-e-type=\"container\">\n\t\t<div class=\"elementor-element elementor-element-1292305 e-con-full e-flex e-con e-child\" data-id=\"1292305\" data-element_type=\"container\" data-e-type=\"container\">\n\t\t\t\t<div class=\"elementor-element elementor-element-d8d047d elementor-flip-box--3d elementor-flip-box--effect-flip elementor-flip-box--direction-up elementor-widget elementor-widget-flip-box\" data-id=\"d8d047d\" data-element_type=\"widget\" data-e-type=\"widget\" data-widget_type=\"flip-box.default\">\n\t\t\t\t<div class=\"elementor-widget-container\">\n\t\t\t\t\t\t\t<div class=\"elementor-flip-box\" tabindex=\"0\">\n\t\t\t<div class=\"elementor-flip-box__layer elementor-flip-box__front\">\n\t\t\t\t<div class=\"elementor-flip-box__layer__overlay\">\n\t\t\t\t\t<div class=\"elementor-flip-box__layer__inner\">\n\t\t\t\t\t\t\t\t\t\t\t\t\t<div class=\"elementor-flip-box__image\">\n\t\t\t\t\t\t\t\t<img fetchpriority=\"high\" decoding=\"async\" width=\"1024\" height=\"1024\" src=\"https:\/\/dafne-sport.eu\/wp-content\/uploads\/2025\/02\/DAFNE-Logo-Official-1024x1024.png\" class=\"attachment-large size-large wp-image-1641\" alt=\"\" srcset=\"https:\/\/dafne-sport.eu\/wp-content\/uploads\/2025\/02\/DAFNE-Logo-Official-1024x1024.png 1024w, https:\/\/dafne-sport.eu\/wp-content\/uploads\/2025\/02\/DAFNE-Logo-Official-300x300.png 300w, https:\/\/dafne-sport.eu\/wp-content\/uploads\/2025\/02\/DAFNE-Logo-Official-150x150.png 150w, https:\/\/dafne-sport.eu\/wp-content\/uploads\/2025\/02\/DAFNE-Logo-Official-768x768.png 768w, https:\/\/dafne-sport.eu\/wp-content\/uploads\/2025\/02\/DAFNE-Logo-Official-1536x1536.png 1536w, https:\/\/dafne-sport.eu\/wp-content\/uploads\/2025\/02\/elementor\/thumbs\/DAFNE-Logo-Official-r20x9wocejz41rbz1lus0b6kgfx32zm02clm3oxw30.png 30w, https:\/\/dafne-sport.eu\/wp-content\/uploads\/2025\/02\/DAFNE-Logo-Official.png 1563w\" sizes=\"(max-width: 1024px) 100vw, 1024px\" \/>\t\t\t\t\t\t\t<\/div>\n\t\t\t\t\t\t\n\t\t\t\t\t\t\t\t\t\t\t\t\t<h3 class=\"elementor-flip-box__layer__title\">\n\t\t\t\t\t\t\t\tPlataforma de e-learning e MOOC \t\t\t\t\t\t\t<\/h3>\n\t\t\t\t\t\t\n\t\t\t\t\t\t\t\t\t\t\t<\/div>\n\t\t\t\t<\/div>\n\t\t\t<\/div>\n\t\t\t<div class=\"elementor-flip-box__layer elementor-flip-box__back\">\n\t\t\t<div class=\"elementor-flip-box__layer__overlay\">\n\t\t\t\t<div class=\"elementor-flip-box__layer__inner\">\n\t\t\t\t\t\n\t\t\t\t\t\t\t\t\t\t\t<div class=\"elementor-flip-box__layer__description\">\n\t\t\t\t\t\t\t<p style=\"text-align: justify\">Um Massive Open Online Course (MOOC) interativo projetado para equipar atletas com o conhecimento necess\u00e1rio em an\u00e1lise de desempenho de jogadores. Este curso guiar\u00e1 os atletas pelos principais conceitos, princ\u00edpios, regras e metodologias relacionadas \u00e0 an\u00e1lise de desempenho de jogadores, permitindo que eles aprimorem suas habilidades anal\u00edticas. <\/p>\t\t\t\t\t\t<\/div>\n\t\t\t\t\t\n\t\t\t\t\t\t\t\t\t\t\t<a class=\"elementor-flip-box__button elementor-button elementor-size-sm\">\n\t\t\t\t\t\t\tClique aqui\t\t\t\t\t\t<\/a>\n\t\t\t\t\t\t\t\t<\/div>\n\t\t<\/div>\n\t\t<\/div>\n\t\t<\/div>\n\t\t\t\t\t\t<\/div>\n\t\t\t\t<\/div>\n\t\t\t\t<\/div>\n\t\t<div class=\"elementor-element elementor-element-e307665 e-con-full e-flex e-con e-child\" data-id=\"e307665\" data-element_type=\"container\" data-e-type=\"container\">\n\t\t\t\t<div class=\"elementor-element elementor-element-baed3f0 elementor-flip-box--3d elementor-flip-box--effect-flip elementor-flip-box--direction-up elementor-widget elementor-widget-flip-box\" data-id=\"baed3f0\" data-element_type=\"widget\" data-e-type=\"widget\" data-widget_type=\"flip-box.default\">\n\t\t\t\t<div class=\"elementor-widget-container\">\n\t\t\t\t\t\t\t<div class=\"elementor-flip-box\" tabindex=\"0\">\n\t\t\t<div class=\"elementor-flip-box__layer elementor-flip-box__front\">\n\t\t\t\t<div class=\"elementor-flip-box__layer__overlay\">\n\t\t\t\t\t<div class=\"elementor-flip-box__layer__inner\">\n\t\t\t\t\t\t\t\t\t\t\t\t\t<div class=\"elementor-flip-box__image\">\n\t\t\t\t\t\t\t\t<img fetchpriority=\"high\" decoding=\"async\" width=\"1024\" height=\"1024\" src=\"https:\/\/dafne-sport.eu\/wp-content\/uploads\/2025\/02\/DAFNE-Logo-Official-1024x1024.png\" class=\"attachment-large size-large wp-image-1641\" alt=\"\" srcset=\"https:\/\/dafne-sport.eu\/wp-content\/uploads\/2025\/02\/DAFNE-Logo-Official-1024x1024.png 1024w, https:\/\/dafne-sport.eu\/wp-content\/uploads\/2025\/02\/DAFNE-Logo-Official-300x300.png 300w, https:\/\/dafne-sport.eu\/wp-content\/uploads\/2025\/02\/DAFNE-Logo-Official-150x150.png 150w, https:\/\/dafne-sport.eu\/wp-content\/uploads\/2025\/02\/DAFNE-Logo-Official-768x768.png 768w, https:\/\/dafne-sport.eu\/wp-content\/uploads\/2025\/02\/DAFNE-Logo-Official-1536x1536.png 1536w, https:\/\/dafne-sport.eu\/wp-content\/uploads\/2025\/02\/elementor\/thumbs\/DAFNE-Logo-Official-r20x9wocejz41rbz1lus0b6kgfx32zm02clm3oxw30.png 30w, https:\/\/dafne-sport.eu\/wp-content\/uploads\/2025\/02\/DAFNE-Logo-Official.png 1563w\" sizes=\"(max-width: 1024px) 100vw, 1024px\" \/>\t\t\t\t\t\t\t<\/div>\n\t\t\t\t\t\t\n\t\t\t\t\t\t\t\t\t\t\t\t\t<h3 class=\"elementor-flip-box__layer__title\">\n\t\t\t\t\t\t\t\tSimulador no jogo para an\u00e1lise de dados \t\t\t\t\t\t\t<\/h3>\n\t\t\t\t\t\t\n\t\t\t\t\t\t\t\t\t\t\t<\/div>\n\t\t\t\t<\/div>\n\t\t\t<\/div>\n\t\t\t<div class=\"elementor-flip-box__layer elementor-flip-box__back\">\n\t\t\t<div class=\"elementor-flip-box__layer__overlay\">\n\t\t\t\t<div class=\"elementor-flip-box__layer__inner\">\n\t\t\t\t\t\n\t\t\t\t\t\t\t\t\t\t\t<div class=\"elementor-flip-box__layer__description\">\n\t\t\t\t\t\t\t<p style=\"text-align: justify\">Uma ferramenta de simula\u00e7\u00e3o realista e imersiva que fornece aos atletas um ambiente realista para se envolverem ativamente na an\u00e1lise de dados. Por meio dessa experi\u00eancia interativa, os participantes poder\u00e3o aplicar seu aprendizado a cen\u00e1rios do mundo real, extraindo insights valiosos e desenvolvendo habilidades pr\u00e1ticas aplic\u00e1veis \u00e0 an\u00e1lise de futebol. <\/p>\t\t\t\t\t\t<\/div>\n\t\t\t\t\t\n\t\t\t\t\t\t\t\t\t\t\t<a class=\"elementor-flip-box__button elementor-button elementor-size-sm\">\n\t\t\t\t\t\t\tClique aqui\t\t\t\t\t\t<\/a>\n\t\t\t\t\t\t\t\t<\/div>\n\t\t<\/div>\n\t\t<\/div>\n\t\t<\/div>\n\t\t\t\t\t\t<\/div>\n\t\t\t\t<\/div>\n\t\t\t\t<\/div>\n\t\t\t\t<\/div>\n\t\t\t\t<\/div>\n\t\t\t\t\t<\/div>\n\t\t\t\t<\/div>\n\t\t\t\t<\/div>","protected":false},"excerpt":{"rendered":"<p>DAFNE Results Handbook and curriculum for Data Performance Analysts A comprehensive handbook outlining the technical skills and competencies required for the role of a Data Performance Analyst. The handbook also includes statistical insights and labour market trends, providing a valuable resource for those looking to enter in this growing profession. Click Here Research report and [&hellip;]<\/p>\n","protected":false},"author":2,"featured_media":0,"parent":0,"menu_order":0,"comment_status":"closed","ping_status":"closed","template":"","meta":{"footnotes":""},"class_list":["post-1468","page","type-page","status-publish","hentry"],"blocksy_meta":{"page_title_panel":"","has_hero_section":"disabled","439e24da4eff50a72cd42bf2d3306a29":"","hero_section":"type-1","hero_elements":[{"id":"custom_title","enabled":true,"heading_tag":"h1","title":"Lar"},{"id":"custom_description","enabled":true,"description_visibility":{"desktop":true,"tablet":true,"mobile":false}},{"id":"custom_meta","enabled":false,"meta_elements":[{"id":"author","enabled":true,"label":"By","has_author_avatar":"yes","avatar_size":25},{"id":"post_date","enabled":true,"label":"On","date_format_source":"default","date_format":"M j, Y"},{"id":"updated_date","enabled":false,"label":"On","date_format_source":"default","date_format":"M j, Y"},{"id":"categories","enabled":false,"label":"In","style":"simple"},{"id":"comments","enabled":true}],"page_meta_elements":{"joined":true,"articles_count":true,"comments":true}},{"id":"breadcrumbs","enabled":false}],"9fac0f0da6d7817e2623cc7cc81faeb9":"","hero_alignment1":"CT_CSS_SKIP_RULE","hero_margin":40,"hero_alignment2":"center","hero_vertical_alignment":"center","a6dfeafdfac0ca8323d070b7557f5096":"","hero_structure":"narrow","39f25695021540786bd9110bc218f6d6":"","page_title_bg_type":"featured_image","custom_hero_background":{"attachment_id":null},"page_title_image_size":"full","parallax":{"desktop":false,"tablet":false,"mobile":false},"79be491aa9d395cfc13d43fd027ea0f7":"","hero_height":"250px","pageTitleFont":{"family":"Default","variation":"Default","size":"30px","line-height":"CT_CSS_SKIP_RULE","letter-spacing":"CT_CSS_SKIP_RULE","text-transform":"CT_CSS_SKIP_RULE","text-decoration":"CT_CSS_SKIP_RULE"},"pageTitleFontColor":{"default":{"color":"CT_CSS_SKIP_RULEDEFAULT"}},"pageMetaFont":{"family":"Default","variation":"n6","size":"12px","line-height":"1.3","letter-spacing":"CT_CSS_SKIP_RULE","text-transform":"uppercase","text-decoration":"CT_CSS_SKIP_RULE"},"pageMetaFontColor":{"default":{"color":"CT_CSS_SKIP_RULEDEFAULT"},"hover":{"color":"CT_CSS_SKIP_RULEDEFAULT"}},"page_meta_button_type_font_colors":{"default":{"color":"CT_CSS_SKIP_RULEDEFAULT"},"hover":{"color":"CT_CSS_SKIP_RULEDEFAULT"}},"page_meta_button_type_background_colors":{"default":{"color":"CT_CSS_SKIP_RULEDEFAULT"},"hover":{"color":"CT_CSS_SKIP_RULEDEFAULT"}},"pageExcerptFont":{"family":"Default","variation":"Default","size":"CT_CSS_SKIP_RULE","line-height":"CT_CSS_SKIP_RULE","letter-spacing":"CT_CSS_SKIP_RULE","text-transform":"CT_CSS_SKIP_RULE","text-decoration":"CT_CSS_SKIP_RULE"},"pageExcerptColor":{"default":{"color":"CT_CSS_SKIP_RULEDEFAULT"}},"breadcrumbsFont":{"family":"Default","variation":"Default","size":"CT_CSS_SKIP_RULE","line-height":"CT_CSS_SKIP_RULE","letter-spacing":"CT_CSS_SKIP_RULE","text-transform":"CT_CSS_SKIP_RULE","text-decoration":"CT_CSS_SKIP_RULE"},"breadcrumbsFontColor":{"default":{"color":"CT_CSS_SKIP_RULEDEFAULT"},"initial":{"color":"CT_CSS_SKIP_RULEDEFAULT"},"hover":{"color":"CT_CSS_SKIP_RULEDEFAULT"}},"pageTitleOverlay":{"background_type":"color","background_pattern":"type-1","background_image":{"attachment_id":null,"x":0,"y":0},"gradient":"linear-gradient(135deg,rgba(6,147,227,1) 0%,rgb(155,81,224) 100%)","background_repeat":"repeat","background_size":"auto","background_attachment":"scroll","patternColor":{"default":{"color":"#e5e7ea"}},"overlayColor":{"default":{"color":"CT_CSS_SKIP_RULE"}},"backgroundColor":{"default":{"color":"CT_CSS_SKIP_RULE"}}},"pageTitleBackground":{"background_type":"color","background_pattern":"type-1","background_image":{"attachment_id":null,"x":0,"y":0},"gradient":"linear-gradient(135deg,rgba(6,147,227,1) 0%,rgb(155,81,224) 100%)","background_repeat":"repeat","background_size":"auto","background_attachment":"scroll","patternColor":{"default":{"color":"#e5e7ea"}},"overlayColor":{"default":{"color":"CT_CSS_SKIP_RULE"}},"backgroundColor":{"default":{"color":"var(--theme-palette-color-6)"}}},"pageTitlePadding":{"top":"50px","bottom":"50px","left":"auto","right":"auto","linked":true},"ee9d86c7d05e9db25e4f3f509cf40d85":"","page_structure_type":"default","d3b5540d0f79607fb9d99876e77849e0":"","content_style_source":"inherit","content_style":"wide","vertical_spacing_source":"custom","content_area_spacing":"none","background":{"background_type":"color","background_pattern":"type-1","background_image":{"attachment_id":null,"x":0,"y":0},"gradient":"linear-gradient(135deg,rgba(6,147,227,1) 0%,rgb(155,81,224) 100%)","background_repeat":"repeat","background_size":"auto","background_attachment":"scroll","patternColor":{"default":{"color":"#e5e7ea"}},"overlayColor":{"default":{"color":"CT_CSS_SKIP_RULE"}},"backgroundColor":{"default":{"color":"CT_CSS_SKIP_RULE"}}},"content_background":{"background_type":"color","background_pattern":"type-1","background_image":{"attachment_id":null,"x":0,"y":0},"gradient":"linear-gradient(135deg,rgba(6,147,227,1) 0%,rgb(155,81,224) 100%)","background_repeat":"repeat","background_size":"auto","background_attachment":"scroll","patternColor":{"default":{"color":"#e5e7ea"}},"overlayColor":{"default":{"color":"CT_CSS_SKIP_RULE"}},"backgroundColor":{"default":{"color":"var(--theme-palette-color-8)"}}},"content_boxed_shadow":{"inherit":false,"blur":18,"spread":-6,"v_offset":12,"h_offset":0,"inset":false,"enable":true,"color":{"color":"rgba(34, 56, 101, 0.04)"}},"content_boxed_border":{"width":1,"style":"none","color":{"color":"rgba(44,62,80,0.2)"}},"content_boxed_radius":{"top":"3px","bottom":"3px","left":"3px","right":"3px","linked":true},"boxed_content_spacing":{"desktop":{"top":"40px","bottom":"40px","left":"40px","right":"40px","linked":true},"tablet":{"top":"35px","bottom":"35px","left":"35px","right":"35px","linked":true},"mobile":{"top":"20px","bottom":"20px","left":"20px","right":"20px","linked":true}},"8b2e013b9a07d5546121deed812978fd":"","disable_featured_image":"no","disable_share_box":"no","disable_header":"no","disable_footer":"no","styles_descriptor":{"styles":{"desktop":"","tablet":"","mobile":""},"google_fonts":[],"version":6}},"_links":{"self":[{"href":"https:\/\/dafne-sport.eu\/pt\/wp-json\/wp\/v2\/pages\/1468","targetHints":{"allow":["GET"]}}],"collection":[{"href":"https:\/\/dafne-sport.eu\/pt\/wp-json\/wp\/v2\/pages"}],"about":[{"href":"https:\/\/dafne-sport.eu\/pt\/wp-json\/wp\/v2\/types\/page"}],"author":[{"embeddable":true,"href":"https:\/\/dafne-sport.eu\/pt\/wp-json\/wp\/v2\/users\/2"}],"replies":[{"embeddable":true,"href":"https:\/\/dafne-sport.eu\/pt\/wp-json\/wp\/v2\/comments?post=1468"}],"version-history":[{"count":9,"href":"https:\/\/dafne-sport.eu\/pt\/wp-json\/wp\/v2\/pages\/1468\/revisions"}],"predecessor-version":[{"id":2005,"href":"https:\/\/dafne-sport.eu\/pt\/wp-json\/wp\/v2\/pages\/1468\/revisions\/2005"}],"wp:attachment":[{"href":"https:\/\/dafne-sport.eu\/pt\/wp-json\/wp\/v2\/media?parent=1468"}],"curies":[{"name":"wp","href":"https:\/\/api.w.org\/{rel}","templated":true}]}}