{"id":1903,"date":"2025-08-26T19:33:17","date_gmt":"2025-08-26T19:33:17","guid":{"rendered":"https:\/\/dafne-sport.eu\/?page_id=1903"},"modified":"2025-08-26T19:33:52","modified_gmt":"2025-08-26T19:33:52","slug":"cookie-policy","status":"publish","type":"page","link":"https:\/\/dafne-sport.eu\/ro\/cookie-policy\/","title":{"rendered":"Politica privind cookie-urile"},"content":{"rendered":"<div data-elementor-type=\"wp-page\" data-elementor-id=\"1903\" class=\"elementor elementor-1903\" data-elementor-post-type=\"page\">\n\t\t\t\t<div class=\"elementor-element elementor-element-7dc3512 e-flex e-con-boxed e-con e-parent\" data-id=\"7dc3512\" data-element_type=\"container\" data-e-type=\"container\" data-settings=\"{&quot;background_background&quot;:&quot;classic&quot;}\">\n\t\t\t\t\t<div class=\"e-con-inner\">\n\t\t<div class=\"elementor-element elementor-element-37f0a08 e-con-full e-flex e-con e-child\" data-id=\"37f0a08\" data-element_type=\"container\" data-e-type=\"container\">\n\t\t\t\t<div class=\"elementor-element elementor-element-9ed280d animated-slow elementor-invisible elementor-widget elementor-widget-heading\" data-id=\"9ed280d\" data-element_type=\"widget\" data-e-type=\"widget\" data-settings=\"{&quot;_animation&quot;:&quot;zoomIn&quot;}\" data-widget_type=\"heading.default\">\n\t\t\t\t<div class=\"elementor-widget-container\">\n\t\t\t\t\t<h2 class=\"elementor-heading-title elementor-size-default\">Politica noastr\u0103 privind cookie-urile<\/h2>\t\t\t\t<\/div>\n\t\t\t\t<\/div>\n\t\t\t\t<div class=\"elementor-element elementor-element-0876a15 elementor-widget elementor-widget-text-editor\" data-id=\"0876a15\" data-element_type=\"widget\" data-e-type=\"widget\" data-widget_type=\"text-editor.default\">\n\t\t\t\t<div class=\"elementor-widget-container\">\n\t\t\t\t\t\t\t\t\t<p>Folosim cookie-uri \u0219i tehnologii similare pe acest site web pentru a asigura func\u021bionalitatea, a \u00eembun\u0103t\u0103\u021bi experien\u021ba utilizatorului \u0219i a analiza traficul site-ului web \u00een conformitate cu <b>Regulamentul general privind protec\u021bia datelor (UE) 2016\/679 (GDPR)<\/b>.&nbsp;<\/p>\n<h4>1. Ce sunt cookie-urile?&nbsp;<\/h4>\n<p>Cookie-urile sunt fi\u0219iere text de mici dimensiuni stocate pe dispozitivul dvs. atunci c\u00e2nd vizita\u021bi un site web. Acestea ajut\u0103 la memorarea ac\u021biunilor \u0219i preferin\u021belor utilizatorilor, activ\u00e2nd func\u021biile de baz\u0103 ale site-ului \u0219i func\u021bionalit\u0103\u021bile de analiz\u0103.&nbsp;<\/p>\n<h4>2. Ce tipuri de cookie-uri putem utiliza&nbsp;<\/h4>\n<ul>\n<li><b>Cookie-uri esen\u021biale<\/b> \u2013 Necesar pentru func\u021bionarea de baz\u0103 a site-ului (de exemplu, securitate, navigare). Acestea nu necesit\u0103 consim\u021b\u0103m\u00e2ntul dumneavoastr\u0103.&nbsp;<\/li>\n<li><b>Cookie-uri func\u021bionale<\/b> \u2013 \u00cembun\u0103t\u0103\u021bi\u021bi utilizabilitatea \u0219i memora\u021bi preferin\u021bele dvs. (necesit\u0103 consim\u021b\u0103m\u00e2nt).&nbsp;<\/li>\n<li><b>Cookie-uri analitice<\/b> \u2013 Colecteaz\u0103 date agregate \u0219i anonime pentru a \u00een\u021belege modul \u00een care este utilizat site-ul (necesit\u0103 consim\u021b\u0103m\u00e2nt).&nbsp;<\/li>\n<li><b>Cookie-uri ter\u021be<\/b> \u2013 Seta\u021bi de servicii precum YouTube, Google Analytics, WP Statistics, LearnPress sau pluginuri similare. Aceste servicii v\u0103 pot prelucra datele \u00een afara UE\/SEE \u00een conformitate cu propriile politici de confiden\u021bialitate \u0219i cookie-uri. Form\u0103, Imagine&nbsp;<\/li>\n<\/ul>\n<h4>3. Gestionarea consim\u021b\u0103m\u00e2ntului pentru cookie-uri (prin intermediul CookieYes)&nbsp;<\/h4>\n<p>Folosim CookieYes pentru a gestiona consim\u021b\u0103m\u00e2ntul pentru cookie-uri \u00een conformitate cu cerin\u021bele GDPR. Bannerul pentru cookie-uri v\u0103 permite s\u0103:&nbsp;<\/p>\n<ul>\n<li>Acceptarea sau respingerea cookie-urilor neesen\u021biale&nbsp;<\/li>\n<li>Vizualiza\u021bi informa\u021bii detaliate despre fiecare categorie de cookie-uri&nbsp;<\/li>\n<li>Schimba\u021bi-v\u0103 preferin\u021bele oric\u00e2nd&nbsp;<\/li>\n<\/ul>\n<p>Pute\u021bi gestiona preferin\u021bele privind cookie-urile \u00een orice moment, f\u0103c\u00e2nd clic pe butonul \u201cSet\u0103ri cookie\u201d disponibil pe site.&nbsp;<\/p>\n<p>Consim\u021b\u0103m\u00e2ntul dumneavoastr\u0103 privind cookie-urile va fi stocat timp de 12 luni, cu excep\u021bia cazului \u00een care \u0219terge\u021bi memoria cache a browserului sau v\u0103 actualiza\u021bi manual preferin\u021bele.&nbsp;<\/p>\n<h4>4. Gestionarea cookie-urilor prin intermediul browserului dvs.&nbsp;<\/h4>\n<p>Majoritatea browserelor v\u0103 permit s\u0103 controla\u021bi sau s\u0103 dezactiva\u021bi cookie-urile prin intermediul set\u0103rilor lor. Re\u021bine\u021bi c\u0103 blocarea anumitor tipuri de cookie-uri poate afecta performan\u021ba sau func\u021bionalitatea site-ului web.&nbsp;<\/p>\n<h4>5. Actualiz\u0103ri&nbsp;<\/h4>\n<p>Aceast\u0103 Politic\u0103 privind cookie-urile poate fi actualizat\u0103 pentru a reflecta modific\u0103rile tehnologice, legislative sau func\u021bionalit\u0103\u021bilor site-ului. Toate modific\u0103rile vor fi publicate pe aceast\u0103 pagin\u0103.&nbsp;<\/p>\n<h4>6. Contact&nbsp;<\/h4>\n<p>Pentru mai multe informa\u021bii despre utilizarea cookie-urilor sau despre modul \u00een care prelucr\u0103m datele cu caracter personal, v\u0103 rug\u0103m s\u0103 consulta\u021bi pagina noastr\u0103 <a href=\"https:\/\/dafne-sport.eu\/ro\/privacy-policy\/\">Politica de confiden\u021bialitate<\/a> sau <a href=\"https:\/\/dafne-sport.eu\/ro\/contact\/\">Contacta\u0163i-ne<\/a> prin intermediul informa\u021biilor furnizate pe acest site web.&nbsp;<\/p>\t\t\t\t\t\t\t\t<\/div>\n\t\t\t\t<\/div>\n\t\t\t\t<\/div>\n\t\t\t\t\t<\/div>\n\t\t\t\t<\/div>\n\t\t\t\t<\/div>","protected":false},"excerpt":{"rendered":"<p>Our Cookie Policy We use cookies and similar technologies on this website to ensure functionality, improve user experience, and analyze website traffic in accordance with the General Data Protection Regulation (EU) 2016\/679 (GDPR).&nbsp; 1. What Are Cookies?&nbsp; Cookies are small text files stored on your device when you visit a website. They help remember user [&hellip;]<\/p>\n","protected":false},"author":2,"featured_media":0,"parent":0,"menu_order":0,"comment_status":"closed","ping_status":"closed","template":"","meta":{"footnotes":""},"class_list":["post-1903","page","type-page","status-publish","hentry"],"blocksy_meta":{"page_title_panel":"","has_hero_section":"disabled","439e24da4eff50a72cd42bf2d3306a29":"","hero_section":"type-1","hero_elements":[{"id":"custom_title","enabled":true,"heading_tag":"h1","title":"Acas\u0103"},{"id":"custom_description","enabled":true,"description_visibility":{"desktop":true,"tablet":true,"mobile":false}},{"id":"custom_meta","enabled":false,"meta_elements":[{"id":"author","enabled":true,"label":"By","has_author_avatar":"yes","avatar_size":25},{"id":"post_date","enabled":true,"label":"On","date_format_source":"default","date_format":"M j, Y"},{"id":"updated_date","enabled":false,"label":"On","date_format_source":"default","date_format":"M j, Y"},{"id":"categories","enabled":false,"label":"In","style":"simple"},{"id":"comments","enabled":true}],"page_meta_elements":{"joined":true,"articles_count":true,"comments":true}},{"id":"breadcrumbs","enabled":false}],"9fac0f0da6d7817e2623cc7cc81faeb9":"","hero_alignment1":"CT_CSS_SKIP_RULE","hero_margin":40,"hero_alignment2":"center","hero_vertical_alignment":"center","a6dfeafdfac0ca8323d070b7557f5096":"","hero_structure":"narrow","39f25695021540786bd9110bc218f6d6":"","page_title_bg_type":"featured_image","custom_hero_background":{"attachment_id":null},"page_title_image_size":"full","parallax":{"desktop":false,"tablet":false,"mobile":false},"79be491aa9d395cfc13d43fd027ea0f7":"","hero_height":"250px","pageTitleFont":{"family":"Default","variation":"Default","size":"30px","line-height":"CT_CSS_SKIP_RULE","letter-spacing":"CT_CSS_SKIP_RULE","text-transform":"CT_CSS_SKIP_RULE","text-decoration":"CT_CSS_SKIP_RULE"},"pageTitleFontColor":{"default":{"color":"CT_CSS_SKIP_RULEDEFAULT"}},"pageMetaFont":{"family":"Default","variation":"n6","size":"12px","line-height":"1.3","letter-spacing":"CT_CSS_SKIP_RULE","text-transform":"uppercase","text-decoration":"CT_CSS_SKIP_RULE"},"pageMetaFontColor":{"default":{"color":"CT_CSS_SKIP_RULEDEFAULT"},"hover":{"color":"CT_CSS_SKIP_RULEDEFAULT"}},"page_meta_button_type_font_colors":{"default":{"color":"CT_CSS_SKIP_RULEDEFAULT"},"hover":{"color":"CT_CSS_SKIP_RULEDEFAULT"}},"page_meta_button_type_background_colors":{"default":{"color":"CT_CSS_SKIP_RULEDEFAULT"},"hover":{"color":"CT_CSS_SKIP_RULEDEFAULT"}},"pageExcerptFont":{"family":"Default","variation":"Default","size":"CT_CSS_SKIP_RULE","line-height":"CT_CSS_SKIP_RULE","letter-spacing":"CT_CSS_SKIP_RULE","text-transform":"CT_CSS_SKIP_RULE","text-decoration":"CT_CSS_SKIP_RULE"},"pageExcerptColor":{"default":{"color":"CT_CSS_SKIP_RULEDEFAULT"}},"breadcrumbsFont":{"family":"Default","variation":"Default","size":"CT_CSS_SKIP_RULE","line-height":"CT_CSS_SKIP_RULE","letter-spacing":"CT_CSS_SKIP_RULE","text-transform":"CT_CSS_SKIP_RULE","text-decoration":"CT_CSS_SKIP_RULE"},"breadcrumbsFontColor":{"default":{"color":"CT_CSS_SKIP_RULEDEFAULT"},"initial":{"color":"CT_CSS_SKIP_RULEDEFAULT"},"hover":{"color":"CT_CSS_SKIP_RULEDEFAULT"}},"pageTitleOverlay":{"background_type":"color","background_pattern":"type-1","background_image":{"attachment_id":null,"x":0,"y":0},"gradient":"linear-gradient(135deg,rgba(6,147,227,1) 0%,rgb(155,81,224) 100%)","background_repeat":"repeat","background_size":"auto","background_attachment":"scroll","patternColor":{"default":{"color":"#e5e7ea"}},"overlayColor":{"default":{"color":"CT_CSS_SKIP_RULE"}},"backgroundColor":{"default":{"color":"CT_CSS_SKIP_RULE"}}},"pageTitleBackground":{"background_type":"color","background_pattern":"type-1","background_image":{"attachment_id":null,"x":0,"y":0},"gradient":"linear-gradient(135deg,rgba(6,147,227,1) 0%,rgb(155,81,224) 100%)","background_repeat":"repeat","background_size":"auto","background_attachment":"scroll","patternColor":{"default":{"color":"#e5e7ea"}},"overlayColor":{"default":{"color":"CT_CSS_SKIP_RULE"}},"backgroundColor":{"default":{"color":"var(--theme-palette-color-6)"}}},"pageTitlePadding":{"top":"50px","bottom":"50px","left":"auto","right":"auto","linked":true},"ee9d86c7d05e9db25e4f3f509cf40d85":"","page_structure_type":"default","d3b5540d0f79607fb9d99876e77849e0":"","content_style_source":"inherit","content_style":"wide","vertical_spacing_source":"custom","content_area_spacing":"none","background":{"background_type":"color","background_pattern":"type-1","background_image":{"attachment_id":null,"x":0,"y":0},"gradient":"linear-gradient(135deg,rgba(6,147,227,1) 0%,rgb(155,81,224) 100%)","background_repeat":"repeat","background_size":"auto","background_attachment":"scroll","patternColor":{"default":{"color":"#e5e7ea"}},"overlayColor":{"default":{"color":"CT_CSS_SKIP_RULE"}},"backgroundColor":{"default":{"color":"CT_CSS_SKIP_RULE"}}},"content_background":{"background_type":"color","background_pattern":"type-1","background_image":{"attachment_id":null,"x":0,"y":0},"gradient":"linear-gradient(135deg,rgba(6,147,227,1) 0%,rgb(155,81,224) 100%)","background_repeat":"repeat","background_size":"auto","background_attachment":"scroll","patternColor":{"default":{"color":"#e5e7ea"}},"overlayColor":{"default":{"color":"CT_CSS_SKIP_RULE"}},"backgroundColor":{"default":{"color":"var(--theme-palette-color-8)"}}},"content_boxed_shadow":{"inherit":false,"blur":18,"spread":-6,"v_offset":12,"h_offset":0,"inset":false,"enable":true,"color":{"color":"rgba(34, 56, 101, 0.04)"}},"content_boxed_border":{"width":1,"style":"none","color":{"color":"rgba(44,62,80,0.2)"}},"content_boxed_radius":{"top":"3px","bottom":"3px","left":"3px","right":"3px","linked":true},"boxed_content_spacing":{"desktop":{"top":"40px","bottom":"40px","left":"40px","right":"40px","linked":true},"tablet":{"top":"35px","bottom":"35px","left":"35px","right":"35px","linked":true},"mobile":{"top":"20px","bottom":"20px","left":"20px","right":"20px","linked":true}},"8b2e013b9a07d5546121deed812978fd":"","disable_featured_image":"no","disable_share_box":"no","disable_header":"no","disable_footer":"no","styles_descriptor":{"styles":{"desktop":"","tablet":"","mobile":""},"google_fonts":[],"version":6}},"_links":{"self":[{"href":"https:\/\/dafne-sport.eu\/ro\/wp-json\/wp\/v2\/pages\/1903","targetHints":{"allow":["GET"]}}],"collection":[{"href":"https:\/\/dafne-sport.eu\/ro\/wp-json\/wp\/v2\/pages"}],"about":[{"href":"https:\/\/dafne-sport.eu\/ro\/wp-json\/wp\/v2\/types\/page"}],"author":[{"embeddable":true,"href":"https:\/\/dafne-sport.eu\/ro\/wp-json\/wp\/v2\/users\/2"}],"replies":[{"embeddable":true,"href":"https:\/\/dafne-sport.eu\/ro\/wp-json\/wp\/v2\/comments?post=1903"}],"version-history":[{"count":4,"href":"https:\/\/dafne-sport.eu\/ro\/wp-json\/wp\/v2\/pages\/1903\/revisions"}],"predecessor-version":[{"id":1907,"href":"https:\/\/dafne-sport.eu\/ro\/wp-json\/wp\/v2\/pages\/1903\/revisions\/1907"}],"wp:attachment":[{"href":"https:\/\/dafne-sport.eu\/ro\/wp-json\/wp\/v2\/media?parent=1903"}],"curies":[{"name":"wp","href":"https:\/\/api.w.org\/{rel}","templated":true}]}}